{"id":173,"date":"2025-03-16T10:04:10","date_gmt":"2025-03-16T10:04:10","guid":{"rendered":"https:\/\/siegfilm.org\/data-protection\/"},"modified":"2025-03-30T08:35:40","modified_gmt":"2025-03-30T08:35:40","slug":"data-protection","status":"publish","type":"page","link":"https:\/\/siegfilm.org\/en\/data-protection\/","title":{"rendered":"Data protection"},"content":{"rendered":"\t\t<div data-elementor-type=\"wp-page\" data-elementor-id=\"173\" class=\"elementor elementor-173 elementor-3\" data-elementor-post-type=\"page\">\n\t\t\t\t<div class=\"elementor-element elementor-element-e0e924d e-flex e-con-boxed e-con e-parent\" data-id=\"e0e924d\" data-element_type=\"container\" data-e-type=\"container\">\n\t\t\t\t\t<div class=\"e-con-inner\">\n\t\t\t\t<div class=\"elementor-element elementor-element-5ac86bb elementor-widget elementor-widget-html\" data-id=\"5ac86bb\" data-element_type=\"widget\" data-e-type=\"widget\" data-widget_type=\"html.default\">\n\t\t\t\t<div class=\"elementor-widget-container\">\n\t\t\t\t\t<h1>Privacy policy<\/h1>\n<h2>1. data protection at a glance<\/h2>\n<h3>General information<\/h3> <p>The following information provides a simple overview of\nwhat happens to your personal data when you visit this website. Personal data is\nall data with which you can be personally identified. Detailed information on the\ntopic of data protection can be found in our data protection\ndata protection declaration.  <\/p>\n<h3>Data collection on this website<\/h3> <h4>Who is responsible for data collection on this website?\nwebsite?<\/h4> <p>Data processing on this website is carried out by the website operator. The operator's\ncontact details can be found in the section \u201cInformation on the controller\u201d in this\nprivacy policy. <\/p> <h4>How do we collect your data?<\/h4> <p>Your data is collected\ncollected by you communicating it to us. This may, for &nbsp;example, be data that you enter in a contact form.\ncontact form. <\/p> <p>Other data is collected automatically or with your consent when you visit\ncollected by our IT systems when you visit the website. This is primarily technical data (e.&nbsp;g. Internet browser,\noperating system or time of the page view). This data is collected automatically as soon as you enter this\nenter this website.  <\/p> <h4>What do we use your data for?<\/h4> <p>Some of the data is collected in order to\nensure error-free provision of the website. Other data can be used to analyze your\nuser behavior. If contracts can be concluded or initiated via the website, the\ncan be concluded or initiated via the website, the data transmitted will also be used for contract offers, orders or\nother order inquiries.  <\/p> <h4>What rights do you have with regard to your data?<\/h4>\n<p>You have the right to receive information free of charge at any time about the origin, recipient and purpose of your\nstored personal data at any time. You also have the right to request the rectification or\ndeletion of this data. If you have given your consent to data processing,\nyou can revoke this consent at any time for the future. You also have the right\nunder certain circumstances, to request the restriction of the processing of your personal data.\ndemand the restriction of the processing of your personal data. You also have the right to lodge a complaint with the competent supervisory authority.\nto.    <\/p> <p>You can contact us at any time regarding this and other questions on the subject of data protection\nat any time.<\/p>\n<h3>Analysis tools and tools from third-party providers<\/h3> <p>When you visit this website, your surfing\nbehavior can be statistically evaluated. This is mainly done with so-called analysis programs. <\/p>\n<p>Detailed information on these analysis programs can be found in the following\nprivacy policy.<\/p>\n<h2>2. Hosting<\/h2>\n<p>We host the content of our website with the following provider:<\/p>\n<h3>External Hosting<\/h3> <p>This website is hosted externally. The personal data that is collected on this website\nwebsite are stored on the servers of the hoster(s). This may include\nmainly&nbsp; IP addresses, contact requests, meta and communication data, contract data, contact details,\nnames, website accesses and other data generated via a website.  <\/p> <p>The\nexternal hosting is carried out for the purpose of fulfilling the contract with our potential and\nexisting customers (Art. 6 para. 1 lit. b GDPR) and in the interest of secure, fast and efficient\nprovision of our online offer by a professional provider (Art. 6 para. 1 lit. f GDPR). If\nhas been asked for a corresponding consent, the processing is carried out exclusively on the basis of\nArt. 6 para.  1 lit. a DSGVO und \u00a7 25 para. 1 TDDDG, soweit die Einwilligung die Speicherung von Cookies oder\nden Zugriff auf Informationen im Endger\u00e4t des Nutzers (z.&nbsp;B. Device-Fingerprinting) im Sinne des\nTDDDG umfasst. Consent can be revoked at any time.<\/p> <p>Our hoster(s) will only process your data\nonly process your data to the extent necessary to fulfill its performance obligations and follow our\nfollow our instructions in relation to this data.<\/p> <p>We use the following hoster(s):<\/p>\n<p>Roland Milto<br>Marburger Str. 7<br>57339 Erndtebr\u00fcck<\/p>\n<h4>Order processing<\/h4> <p>We have concluded an order processing contract (AVV) for the use of the\nof the above-mentioned service. This is a contract prescribed by data protection law, which\ncontract that ensures that it processes the personal data of our website visitors only in accordance with our\nour instructions and in compliance with the GDPR. <\/p>\n<h2>3. General notes and mandatory information<\/h2>\n<h3>Data protection<\/h3> <p>The operators of these pages take the protection of your personal data very seriously.\nseriously. We treat your personal data confidentially and in accordance with the statutory data protection\ndata protection regulations and this privacy policy. <\/p> <p>When you use this website\nvarious personal data are collected. Personal data is data with which you\ncan be personally identified. This privacy policy explains\nwhat data we collect and what we use it for. It also explains how and for what purpose this\nhappens.   <\/p> <p>We would like to point out that data transmission over the Internet (e.&nbsp;g. \ncommunication by e-mail) may have security gaps. A complete protection of the data from\naccess by third parties is not possible. <\/p>\n<h3>Note on the responsible controller<\/h3> <p>The controller responsible for data processing on\nthis website is:<\/p> <p>Siegfilm oHG<br>Herr Dr. Volker Loos<br>Kronprinzenstra\u00dfe 101<br>57250 Netphen<\/p>\n<p>Telefon: +49 2738 8233<br>E-Mail: info@siegfilm.de<\/p>\n <p>The data controller is the natural or legal person who alone or jointly with others\nthe purposes and means of the processing of personal data (e.&nbsp;g. names, e-mail addresses, etc.).\naddresses, etc.).<\/p>\n<h3>Storage duration<\/h3> <p>Unless a more specific storage period has been specified in this privacy policy\nyour personal data will remain with us until the purpose for the data processing no longer applies.\nceases to apply. If you assert a justified request for deletion or revoke your consent to data processing, your\ndata processing, your data will be deleted unless we have other legally permissible reasons for\nreasons for the storage of your personal data (e.&nbsp;g. retention periods under tax or commercial law).\nretention periods under tax or commercial law); in the latter case, the deletion will take place after these\nof these reasons. <\/p>\n<h3>General information on the legal basis for data processing on this website<\/h3> <p>If you have consented to data processing at\n, we process your personal data on the basis of Art.\n6 para. 1 lit. a GDPR or Art. 9 para. 2 lit. a GDPR, insofar as special categories of data are processed in accordance with Art. 9 para. 1 GDPR\n. In the event of express consent to the transfer of personal\ndata to third countries, data processing is also carried out on the basis of Art. 49 para.     1 lit. a GDPR.\nIf you have consented to the storage of cookies or access to information in your end device (e.&nbsp;g. via\ndevice fingerprinting), data processing is also carried out on the basis of Section\n25 (1) TDDDG.  Consent can be revoked at any time. If your data is required for the fulfillment of the contract or for the\nimplementation of pre-contractual measures, we process your data on the basis of\nArt. 6 para. 1 lit. b GDPR. Furthermore, we process your data insofar as this is necessary to fulfill a\nlegal obligation on the basis of Art. 6 para.  1 lit. c GDPR. The data processing\ncan also be based on our legitimate interest in accordance with Art. 6 para.  1 lit. f GDPR. The following paragraphs of this\nprivacy policy provide information on the relevant legal bases in each individual case.f DSGVO erfolgen. \u00dcber die\njeweils im Einzelfall einschl\u00e4gigen Rechtsgrundlagen wird in den folgenden Abs\u00e4tzen dieser<br>Datenschutzerkl\u00e4rung informiert. <\/p>\n<h3>Note on the transfer of data to third countries that are not secure under data protection law and the transfer to US\ncompanies that are not DPF-certified<\/h3> <p>Among other things, we use tools from companies\nbased in third countries that are not secure under data protection law and US tools whose providers are not certified under the EU-US Data\nPrivacy Framework (DPF) are certified. If these tools are active, your personal data may be transferred\ntransferred to these countries and processed there. We would like to point out that in third countries\ncountries cannot guarantee a level of data protection comparable to that in the EU.  <\/p> <p>We\npoint out that the USA, as a safe third country, generally has a level of data protection comparable to that of the EU.\nlevel of data protection. Data transfer to the USA is therefore permitted if the recipient\nrecipient is certified under the \u201cEU-US Data Privacy Framework\u201d (DPF) or has suitable additional\nhas suitable additional guarantees. Information on transfers to\nthird countries, including the data recipients, can be found in this\nprivacy policy.  <\/p><h3>Recipients of personal data<\/h3> <p>As part of\nour business activities, we work together with various external bodies. In some cases,\nalso requires the transfer of personal data to these external bodies. We\nonly pass on personal data to external bodies if this is necessary in the context of\ncontract fulfillment, if we are legally obliged to do so (e.&nbsp;g. passing on\ndata to tax authorities), if we have a legitimate interest in accordance with Art. 6 Para.   1 lit. f GDPR to the\ntransfer or if another legal basis permits the transfer of data. When using\nprocessors, we only pass on our customers' personal data on the basis of a valid\ncontract for order processing. In the case of joint processing, a contract\nis concluded for joint processing.  <\/p>\n<h3>Revocation of your consent to data processing<\/h3> <p>Many data processing operations are\nonly possible with your express consent. You can withdraw consent that you have already given\nrevoked at any time. The legality of the data processing carried out until the revocation remains unaffected by the revocation.\nrevocation remains unaffected.  <\/p>\n<h3>Right to object to the collection of data in special cases and to direct marketing (Art. 21\nGDPR) <\/h3> <p>IF THE DATA PROCESSING IS BASED ON ART. 6 ABS. 1 LIT. E OR F\nGDPR, YOU HAVE THE RIGHT TO OBJECT AT ANY TIME, ON GROUNDS RELATING TO YOUR\nPARTICULAR SITUATION, TO OBJECT TO THE PROCESSING OF YOUR PERSONAL DATA; THIS\nPERSONAL DATA; THIS ALSO APPLIES TO PROFILING BASED ON THESE PROVISIONS.\nPROFILING. THE RESPECTIVE LEGAL BASIS ON WHICH PROCESSING IS BASED CAN BE FOUND IN\nTHIS PRIVACY POLICY. IF YOU LODGE AN OBJECTION, WE WILL NO LONGER PROCESS YOUR\nWILL NO LONGER PROCESS YOUR PERSONAL DATA CONCERNED UNLESS WE CAN DEMONSTRATE COMPELLING\nWE CAN DEMONSTRATE COMPELLING LEGITIMATE GROUNDS FOR THE PROCESSING\nTHAT OUTWEIGH YOUR INTERESTS, RIGHTS AND FREEDOMS, OR THE PROCESSING SERVES THE\nPROCESSING SERVES THE ASSERTION, EXERCISE OR DEFENSE OF LEGAL CLAIMS\nLEGAL CLAIMS (OBJECTION PURSUANT TO ART. 21 PARA. 1 GDPR).    <\/p> <p>IF YOUR\nPERSONAL DATA ARE PROCESSED FOR DIRECT MARKETING PURPOSES, YOU HAVE THE RIGHT TO\nRIGHT TO OBJECT AT ANY TIME TO THE PROCESSING OF PERSONAL DATA CONCERNING YOU FOR THE PURPOSE OF SUCH\nDATA FOR THE PURPOSE OF SUCH ADVERTISING; THIS ALSO APPLIES TO PROFILING,\nINSOFAR AS IT IS CONNECTED WITH SUCH DIRECT ADVERTISING. IF YOU OBJECT,\nYOUR PERSONAL DATA WILL SUBSEQUENTLY NO LONGER BE USED FOR THE PURPOSE OF DIRECT\nDIRECT MARKETING (OBJECTION PURSUANT TO ART. 21 PARA. 2 GDPR). <\/p>\n<h3>Right to lodge a complaint with the competent supervisory authority<\/h3> <p>In the event of\nviolations of the GDPR, data subjects have the right to lodge a complaint with a\nsupervisory authority, in particular in the Member State of their habitual residence, place of work\nplace of work or the place of the alleged infringement. The right to lodge a complaint exists\nwithout prejudice to other administrative or judicial remedies. <\/p>\n<h3>Right to data portability<\/h3> <p>You have the right to have data that we process on the basis of\nyour consent or in fulfillment of a contract, to yourself or to a third party in a common, machine-readable format.\nin a commonly used, machine-readable format. If you request the direct\ntransfer of the data to another controller, this will only be done to the extent that it is technically\nfeasible. <\/p>\n<h3>Information, correction and deletion<\/h3> <p>Within the framework of the applicable legal\nright to receive information free of charge at any time about your stored personal data, its origin and\ndata, its origin and recipients and the purpose of the data processing and, if applicable, a right to\ncorrection or deletion of this data. You can contact us at any time if you have any further questions about\ndata, you can contact us at any time. <\/p>\n<h3>Right to restriction of processing<\/h3> <p>You have the right to request the restriction of\nprocessing of your personal data. You can contact us at any time to do this.\nThe right to restriction of processing exists in the following cases: <\/p> <ul> <li>If you dispute the\nthe accuracy of your personal data stored by us, we usually need time to check this,\nto check this. For the duration of the review, you have the right to\nrequest the restriction of the processing of your personal data. <\/li> <li>If the\nprocessing of your personal data was\/is carried out unlawfully, you may request the restriction of data\nrequest the restriction of data processing instead of erasure.<\/li> <li>If we no longer need your\nno longer need your personal data, but you need it for the exercise, defense or assertion of legal\nassertion of legal claims, you have the right to demand the restriction of the processing of your\nrestriction of the processing of your personal data.Wenn wir Ihre<br>personenbezogenen Daten nicht mehr ben\u00f6tigen, Sie sie jedoch zur Aus\u00fcbung, Verteidigung oder<br>Geltendmachung von Rechtsanspr\u00fcchen ben\u00f6tigen, haben Sie das Recht, statt der L\u00f6schung die<br>Einschr\u00e4nkung der Verarbeitung Ihrer personenbezogenen Daten zu verlangen.<\/li> <li>If you have lodged an\nobjection pursuant to Art. 21 (1) GDPR, a balance must be struck between your interests and ours.\ninterests must be carried out. As long as it has not yet been determined whose interests prevail, you have the\nright to request the restriction of the processing of your personal data.  <\/li> <\/ul>\n<p>If you have restricted the processing of your personal data, this data - apart from its\ndata - apart from its storage - only with your consent or for the establishment, exercise\nexercise or defense of legal claims or for the protection of the rights of another natural or legal person\nnatural or legal person or for reasons of important public interest of the European Union or of a Member State.\nEuropean Union or a Member State.<\/p>\n<h3>SSL or TLS encryption<\/h3> <p>For security reasons and to protect the transmission of\ntransmission of confidential content, such as orders or inquiries that you send to us as the site operator.\nsite operator, uses SSL or TLS encryption. You can recognize an encrypted connection\nby the fact that the address line of the browser changes from \u201chttp:\/\/\u201d to \u201chttps:\/\/\u201d and\nthe lock symbol in your browser line. <\/p> <p>If SSL or TLS encryption is activated,\nthe data you transmit to us cannot be read by third parties.<\/p>\n<h3>Objection to advertising e-mails<\/h3> <p>The use of contact data published in the context of the imprint obligation\npublished contact data for the purpose of sending unsolicited advertising\nand information material is hereby prohibited. The operators of this website expressly reserve the\nlegal steps in the event of the unsolicited sending of advertising information, such as spam e-mails,\nbefore. <\/p>\n<h2>4. data collection on this website<\/h2>\n<h3>Cookies<\/h3>\n<p>Our Internet pages use so-called \u201ccookies\u201d. Cookies are small\ndata packets and do not cause any damage to your end device. They are stored on your device either temporarily for the duration of a session (session cookies) or permanently (permanent cookies). Session cookies are automatically deleted at the end of your visit. Permanent cookies remain stored on your end device until you delete them yourself or they are automatically deleted by your web browser.    <\/p>\n<p>Cookies may originate from us (first-party cookies) or from third-party companies (so-called third-party cookies). Third-party cookies enable the integration of certain services from third-party companies within websites (e.g. cookies for processing payment services). <\/p>\n<p>Cookies have various functions. Many cookies are technically\nnecessary, as certain website functions would not work without them (e.\ng. the\nshopping cart function or the display of videos). Other cookies can be used to evaluate<br>user behavior or for advertising purposes.  <\/p> <p>Cookies that are required to carry out the\nelectronic communication process, to provide certain functions you want\n(e.g. for the shopping cart function) or to optimize the website (e.g. cookies to measure\nthe web audience) (necessary cookies) are stored on the basis of Art. 6 para. 1 lit. f GDPR\n, unless another legal basis is specified. The website operator has a legitimate\ninterest in the storage of cookies necessary for the technically error-free and optimized provision\nof its services. If consent to the storage of cookies and comparable\nrecognition technologies has been requested, the processing is carried out exclusively on the basis of this\nconsent (Art. 6 para. 1 lit. a GDPR and \u00a7 25 para. 1 TDDDG); the consent can be revoked at any time.f DSGVO<br>gespeichert, sofern keine andere Rechtsgrundlage angegeben wird. Der Websitebetreiber hat ein berechtigtes<br>Interesse an der Speicherung von notwendigen Cookies zur technisch fehlerfreien und optimierten Bereitstellung<br>seiner Dienste. Sofern eine Einwilligung zur Speicherung von Cookies und vergleichbaren<br>Wiedererkennungstechnologien abgefragt wurde, erfolgt die Verarbeitung ausschlie\u00dflich auf Grundlage dieser<br>Einwilligung (Art. 6 Abs. 1 lit. a DSGVO und \u00a7 25 Abs. 1 TDDDG); die Einwilligung ist jederzeit widerrufbar.  <\/p>\n<p>You can set your browser so that you are informed about the setting of cookies and allow\ncookies only in individual cases, exclude the acceptance of cookies for certain cases or in general\nand activate the automatic deletion of cookies when closing the browser.\nIf cookies are deactivated, the functionality of this website may be restricted.<\/p>\n<p>You can find out which cookies and services are used on this website in this\nprivacy policy.<\/p>\n<h3>Request by e-mail, telephone or fax<\/h3> <p>If you contact us by e-mail, telephone or fax at\n, your inquiry, including all personal data (name, inquiry), will be stored and processed by us at\nfor the purpose of processing your request. We will not pass on this data without\nyour consent. <\/p> <p>This data is processed on the basis of Art. 6 para. 1 lit. b\nGDPR, insofar as your request is related to the performance of a contract or is necessary for the\nimplementation of pre-contractual measures. In all other cases,\nprocessing is based on our legitimate interest in the effective processing of\ninquiries sent to us (Art. 6 para. 1 lit. f GDPR) or on your consent (Art. 6 para. 1 lit. a GDPR) if this has been requested\n; consent may be withdrawn at any time. <\/p> <p>We will retain the data you provide on the contact form\nuntil you request its deletion, revoke your consent for its storage on\nor the purpose for its storage no longer pertains (e.&nbsp;g. after\nhas finished processing your request). Mandatory statutory provisions - in particular\nstatutory retention periods - remain unaffected. <\/p>\n<h2>5. Plugins and Tools<\/h2>\n<h3>Font Awesome<\/h3> <p>This site uses Font\nAwesome for the uniform display of fonts and symbols. The provider is Fonticons, Inc, 6 Porter Road Apartment 3R, Cambridge, Massachusetts, USA.<\/p>\n<p>When you call up a page, your browser loads the required fonts into your browser cache in order to display texts, fonts and symbols correctly. For this purpose, the browser you are using must connect to Font Awesome's servers. This gives Font Awesome knowledge that this website has been accessed via your IP address. The use of Font Awesome is based on Art. 6 para.    1 lit. f DSGVO. We have a legitimate interest in the uniform presentation of the typeface on our website. If a corresponding consent has been requested, the processing is carried out exclusively on the basis of Art. 6 para.  1 lit. a DSGVO und \u00a7 25 para. 1 TDDDG, insofar as the consent includes the storage of cookies or access to information in the user's end device (e.g. device fingerprinting) within the meaning of the TDDDG. Consent can be revoked at any time.<\/p>\n\n<p>If your browser does not support Font Awesome, a standard font from\nwill be used on your computer.<\/p> <p>Further information about Font Awesome can be found&nbsp;and in the\nprivacy policy of Font Awesome at: <a href=\"https:\/\/fontawesome.com\/privacy\" target=\"_blank\" rel=\"noopener noreferrer\">https:\/\/fontawesome.com\/privacy<\/a>.<\/p>\n<h3>Google reCAPTCHA<\/h3> <p>We use \u201cGoogle reCAPTCHA\u201d (hereinafter\n\u201creCAPTCHA\u201d) on this website. The provider is Google Ireland Limited (\u201cGoogle\u201d),\nGordon House, Barrow Street, Dublin 4, Ireland. <\/p> <p>The purpose of reCAPTCHA is to check whether the\ndata entry on this website (e.&nbsp;g. &lt; wpml_nbsp &gt;in a contact form) is made by a human or by an\nautomated program. For this purpose, reCAPTCHA analyzes the behavior of the website visitor based on\nvarious characteristics. This analysis begins automatically as soon as the website visitor enters the website. For the\nanalysis, reCAPTCHA evaluates various information (e.&nbsp;g. IP address, time spent on the website by the\nwebsite visitor or mouse movements made by the user).    The data collected during the analysis\nis forwarded to Google.<\/p> <p>The reCAPTCHA analyses run completely in the\nbackground. Website visitors are not informed that an analysis is taking place.<\/p> <p>The\nstorage and analysis of the data takes place on the basis of art. 6 para. 1 lit. f DSGVO. The website operator has\na legitimate interest in protecting its website from abusive automated spying\nand from SPAM. If a corresponding consent has been requested, the processing\nis carried out exclusively on the basis of art. 6 para. 1 lit. a DSGVO und \u00a7 25 para. 1 TDDDG, insofar as the\nconsent includes the storage of cookies or access to information in the user's end device\n(e.&nbsp;g. device fingerprinting) within the meaning of the TDDDG. Consent can be revoked at any time.<\/p>\n<p>For more information about Google reCAPTCHA, please refer to the Google Privacy Policy and the\nGoogle Terms of Service at the following links: <a href=\"https:\/\/policies.google.com\/privacy?hl=de\" target=\"_blank\" rel=\"noopener noreferrer\">https:\/\/policies.google.com\/privacy?hl=de<\/a> and <a href=\"https:\/\/policies.google.com\/terms?hl=de\" target=\"_blank\" rel=\"noopener noreferrer\">https:\/\/policies.google.com\/terms?hl=de<\/a>.<\/p>\n<p>The company is certified in accordance with the \u201cEU-US Data Privacy\nFramework\u201d (DPF). The DPF is an agreement between the European Union and the\nUSA, which is intended to ensure compliance with European data protection standards for data processing in the USA. Every DPF-certified company undertakes to comply with these\ndata protection standards. Further information on this can be obtained from the provider under the following link:\n<a href=\"https:\/\/www.dataprivacyframework.gov\/participant\/5780\" target=\"_blank\" rel=\"noopener noreferrer\">https:\/\/www.dataprivacyframework.gov\/participant\/5780<\/a>.<\/p>\n<p>Source: <a href=\"https:\/\/www.e-recht24.de\">https:\/\/www.e-recht24.de<\/a><\/p>\t\t\t\t<\/div>\n\t\t\t\t<\/div>\n\t\t\t\t\t<\/div>\n\t\t\t\t<\/div>\n\t\t\t\t<\/div>\n\t\t","protected":false},"excerpt":{"rendered":"<p>Privacy policy 1. data protection at a glance General information The following information provides a simple overview of what happens to your personal data when you visit this website. Personal data is all data with which you can be personally identified. Detailed information on the topic of data protection can be found in our data [&hellip;]<\/p>\n","protected":false},"author":1,"featured_media":0,"parent":0,"menu_order":0,"comment_status":"closed","ping_status":"closed","template":"elementor_header_footer","meta":{"footnotes":""},"class_list":["post-173","page","type-page","status-publish","hentry"],"_links":{"self":[{"href":"https:\/\/siegfilm.org\/en\/wp-json\/wp\/v2\/pages\/173","targetHints":{"allow":["GET"]}}],"collection":[{"href":"https:\/\/siegfilm.org\/en\/wp-json\/wp\/v2\/pages"}],"about":[{"href":"https:\/\/siegfilm.org\/en\/wp-json\/wp\/v2\/types\/page"}],"author":[{"embeddable":true,"href":"https:\/\/siegfilm.org\/en\/wp-json\/wp\/v2\/users\/1"}],"replies":[{"embeddable":true,"href":"https:\/\/siegfilm.org\/en\/wp-json\/wp\/v2\/comments?post=173"}],"version-history":[{"count":3,"href":"https:\/\/siegfilm.org\/en\/wp-json\/wp\/v2\/pages\/173\/revisions"}],"predecessor-version":[{"id":176,"href":"https:\/\/siegfilm.org\/en\/wp-json\/wp\/v2\/pages\/173\/revisions\/176"}],"wp:attachment":[{"href":"https:\/\/siegfilm.org\/en\/wp-json\/wp\/v2\/media?parent=173"}],"curies":[{"name":"wp","href":"https:\/\/api.w.org\/{rel}","templated":true}]}}